{"id":6,"date":"2017-09-18T19:37:39","date_gmt":"2017-09-18T23:37:39","guid":{"rendered":"https:\/\/caapca.ca\/?page_id=6"},"modified":"2022-09-26T12:45:35","modified_gmt":"2022-09-26T16:45:35","slug":"a-propos","status":"publish","type":"page","link":"https:\/\/caapca.ca\/en\/a-propos\/","title":{"rendered":"\u00c0 propos"},"content":{"rendered":"<p>[et_pb_section fb_built=&#8221;1&#8243; _builder_version=&#8221;4.16&#8243; global_colors_info=&#8221;{}&#8221;][et_pb_row column_structure=&#8221;2_3,1_3&#8243; _builder_version=&#8221;4.16&#8243; background_size=&#8221;initial&#8221; background_position=&#8221;top_left&#8221; background_repeat=&#8221;repeat&#8221; global_colors_info=&#8221;{}&#8221;][et_pb_column type=&#8221;2_3&#8243; _builder_version=&#8221;4.16&#8243; custom_padding=&#8221;|||&#8221; global_colors_info=&#8221;{}&#8221; custom_padding__hover=&#8221;|||&#8221;][et_pb_text _builder_version=&#8221;4.16&#8243; global_colors_info=&#8221;{}&#8221;]<\/p>\n<p><strong>Nous croyons que les insatisfactions v\u00e9cues doivent \u00eatre nomm\u00e9es. Porter\u00a0plainte est une d\u00e9marche constructive, un\u00a0moyen d&#8217;exercer ses droits et d\u2019am\u00e9liorer la qualit\u00e9 des soins et des services du r\u00e9seau de la sant\u00e9 et des services sociaux.<\/strong><\/p>\n<h2>Mission<\/h2>\n<p>Nous assistons et accompagnons toute personne dans une d\u00e9marche en vue de porter plainte aupr\u00e8s des \u00e9tablissements et des organismes du r\u00e9seau public de la sant\u00e9 et des services sociaux. Notre objectif est d\u2019assurer le respect des droits de ses usagers.<\/p>\n<p>Pour ce faire, le CAAP informe, conseille et offre une assistance directe aux personnes pendant toute la dur\u00e9e du recours.<\/p>\n<blockquote>\n<p><strong>Notre r\u00f4le n\u2019est donc pas de traiter votre plainte, mais de vous aider tout au long du processus de plainte.<\/strong><\/p>\n<\/blockquote>\n<p><span style=\"font-size: 16px;\"><\/span><\/p>\n<p>[\/et_pb_text][et_pb_button button_url=&#8221;https:\/\/caapca.ca\/assistance-accompagnement\/&#8221; button_text=&#8221;Voir nos services&#8221; _builder_version=&#8221;4.16&#8243; global_colors_info=&#8221;{}&#8221; button_text_size__hover_enabled=&#8221;off&#8221; button_one_text_size__hover_enabled=&#8221;off&#8221; button_two_text_size__hover_enabled=&#8221;off&#8221; button_text_color__hover_enabled=&#8221;off&#8221; button_one_text_color__hover_enabled=&#8221;off&#8221; button_two_text_color__hover_enabled=&#8221;off&#8221; button_border_width__hover_enabled=&#8221;off&#8221; button_one_border_width__hover_enabled=&#8221;off&#8221; button_two_border_width__hover_enabled=&#8221;off&#8221; button_border_color__hover_enabled=&#8221;off&#8221; button_one_border_color__hover_enabled=&#8221;off&#8221; button_two_border_color__hover_enabled=&#8221;off&#8221; button_border_radius__hover_enabled=&#8221;off&#8221; button_one_border_radius__hover_enabled=&#8221;off&#8221; button_two_border_radius__hover_enabled=&#8221;off&#8221; button_letter_spacing__hover_enabled=&#8221;off&#8221; button_one_letter_spacing__hover_enabled=&#8221;off&#8221; button_two_letter_spacing__hover_enabled=&#8221;off&#8221; button_bg_color__hover_enabled=&#8221;off&#8221; button_one_bg_color__hover_enabled=&#8221;off&#8221; button_two_bg_color__hover_enabled=&#8221;off&#8221;][\/et_pb_button][et_pb_text _builder_version=&#8221;4.16&#8243; global_colors_info=&#8221;{}&#8221;]<\/p>\n<h2>Par son approche, le CAAP\u00a0:<\/h2>\n<ul>\n<li>Devient un outil qui facilite la\u00a0communication et la conciliation avec les intervenants durant le processus.<\/li>\n<li>Favorise un rapport plus \u00e9galitaire entre les usagers et le r\u00e9seau.<\/li>\n<li>Instaure chez l&#8217;usager le sentiment d&#8217;\u00eatre \u00e9paul\u00e9 et guid\u00e9 de sorte \u00e0 ce qu&#8217;il se sente pleinement entendu.<\/li>\n<\/ul>\n<p>Le CAAP-Chaudi\u00e8re-Appalaches est un <a href=\"https:\/\/caapca.ca\/2018\/03\/13\/independant-du-rsss\/\">organisme communautaire ind\u00e9pendant<\/a>.<\/p>\n<h2>Historique<\/h2>\n<p>N\u00e9s du souci de renforcer un m\u00e9canisme de traitement des plaintes plus transparent et efficace, les Services d\u2019assistance et d\u2019accompagnement aux plaintes (SAAP) font leur apparition en 1993.<\/p>\n<p>Depuis 25 ans le CAAP travaille en partenariat avec plusieurs organismes communautaires du milieu et favorise la mobilisation de tous les acteurs pour l\u2019am\u00e9lioration de la qualit\u00e9 des services en sant\u00e9 et services sociaux.<span><\/span><\/p>\n<h2>Nos membres<\/h2>\n<p>Par son statut d&#8217;OBNL, le CAAP n\u00e9cessite l&#8217;appui volontaire d&#8217;organismes et d&#8217;individus membres. En soutenant sa mission, ceux-ci contribuent \u00e0 cr\u00e9er un r\u00e9seau d\u2019influence, \u00e0\u00a0<span>partager une vision, \u00e0\u00a0<\/span><span>\u00e9changer et \u00e0 collaborer. Vous aussi pouvez \u00eatre membre du CAAP! L&#8217;admission est gratuite.<\/span><\/p>\n<p>[\/et_pb_text][et_pb_button button_url=&#8221;https:\/\/caapca.ca\/2018\/03\/01\/devenir-membre\/&#8221; button_text=&#8221;En savoir plus&#8221; _builder_version=&#8221;4.16&#8243; global_colors_info=&#8221;{}&#8221; button_text_size__hover_enabled=&#8221;off&#8221; button_one_text_size__hover_enabled=&#8221;off&#8221; button_two_text_size__hover_enabled=&#8221;off&#8221; button_text_color__hover_enabled=&#8221;off&#8221; button_one_text_color__hover_enabled=&#8221;off&#8221; button_two_text_color__hover_enabled=&#8221;off&#8221; button_border_width__hover_enabled=&#8221;off&#8221; button_one_border_width__hover_enabled=&#8221;off&#8221; button_two_border_width__hover_enabled=&#8221;off&#8221; button_border_color__hover_enabled=&#8221;off&#8221; button_one_border_color__hover_enabled=&#8221;off&#8221; button_two_border_color__hover_enabled=&#8221;off&#8221; button_border_radius__hover_enabled=&#8221;off&#8221; button_one_border_radius__hover_enabled=&#8221;off&#8221; button_two_border_radius__hover_enabled=&#8221;off&#8221; button_letter_spacing__hover_enabled=&#8221;off&#8221; button_one_letter_spacing__hover_enabled=&#8221;off&#8221; button_two_letter_spacing__hover_enabled=&#8221;off&#8221; button_bg_color__hover_enabled=&#8221;off&#8221; button_one_bg_color__hover_enabled=&#8221;off&#8221; button_two_bg_color__hover_enabled=&#8221;off&#8221;][\/et_pb_button][\/et_pb_column][et_pb_column type=&#8221;1_3&#8243; _builder_version=&#8221;4.16&#8243; custom_padding=&#8221;|||&#8221; global_colors_info=&#8221;{}&#8221; custom_padding__hover=&#8221;|||&#8221;][\/et_pb_column][\/et_pb_row][et_pb_row column_structure=&#8221;1_2,1_2&#8243; _builder_version=&#8221;4.16&#8243; min_height=&#8221;230px&#8221; global_colors_info=&#8221;{}&#8221;][et_pb_column type=&#8221;1_2&#8243; _builder_version=&#8221;4.16&#8243; custom_padding=&#8221;|||&#8221; global_colors_info=&#8221;{}&#8221; custom_padding__hover=&#8221;|||&#8221;][et_pb_text _builder_version=&#8221;4.16&#8243; custom_margin=&#8221;||52px|||&#8221; global_colors_info=&#8221;{}&#8221;]<\/p>\n<h2>\u00c9quipe<\/h2>\n<p>Martine Gagn\u00e9, agente administrative<\/p>\n<p>Sylvie Vachon, conseill\u00e8re<\/p>\n<p>Catherine Girard, conseill\u00e8re<\/p>\n<p>Sammy Jo Baran, conseill\u00e8re<\/p>\n<p>Lyne Grenier, directrice g\u00e9n\u00e9rale<\/p>\n<p>[\/et_pb_text][et_pb_text _builder_version=&#8221;4.16&#8243; global_colors_info=&#8221;{}&#8221;]<\/p>\n<h2>Rapports annuels<\/h2>\n<p><a href=\"https:\/\/caapca.ca\/wp-content\/uploads\/2022\/09\/Rapport-annuel-des-activites-2021-2022-du-CAAP-CA.pdf\">Rapport 2021-2022<\/a><\/p>\n<p><a href=\"https:\/\/caapca.ca\/wp-content\/uploads\/2022\/09\/Rapport-annuel-des-activites-2020-2021-du-CAAP-CA.pdf\">Rapport 2020-2021<\/a><\/p>\n<p><a href=\"..\/wp-content\/uploads\/2017\/09\/Rapport_annuel_2014-2015-VF.pdf\" target=\"_blank\" rel=\"noopener noreferrer\"><\/a><\/p>\n<p><span lang=\"FR\" style=\"color: #1b4984;\"><\/span><\/p>\n<p>&nbsp;<\/p>\n<p>[\/et_pb_text][\/et_pb_column][et_pb_column type=&#8221;1_2&#8243; _builder_version=&#8221;4.16&#8243; custom_padding=&#8221;|||&#8221; global_colors_info=&#8221;{}&#8221; custom_padding__hover=&#8221;|||&#8221;][et_pb_text _builder_version=&#8221;4.16&#8243; global_colors_info=&#8221;{}&#8221;]<\/p>\n<h2>Conseil d&#8217;administration<\/h2>\n<p>Nicole Lapointe, pr\u00e9sidente<\/p>\n<p>C\u00e9line Gagn\u00e9, vice-pr\u00e9sidente<\/p>\n<p>Manon Cloutier, secr\u00e9taire-tr\u00e9sori\u00e8re<\/p>\n<p>Jean-Luc Proulx, administrateur<\/p>\n<p>&nbsp;<\/p>\n<p>&nbsp;<\/p>\n<p>[\/et_pb_text][\/et_pb_column][\/et_pb_row][et_pb_row _builder_version=&#8221;4.18.0&#8243; hover_enabled=&#8221;0&#8243; global_colors_info=&#8221;{}&#8221; column_structure=&#8221;1_3,1_3,1_3&#8243; sticky_enabled=&#8221;0&#8243;][et_pb_column _builder_version=&#8221;4.18.0&#8243; _module_preset=&#8221;default&#8221; type=&#8221;1_3&#8243;][\/et_pb_column][et_pb_column _builder_version=&#8221;4.18.0&#8243; _module_preset=&#8221;default&#8221; type=&#8221;1_3&#8243;][\/et_pb_column][et_pb_column type=&#8221;1_3&#8243; _builder_version=&#8221;4.16&#8243; custom_padding=&#8221;|||&#8221; global_colors_info=&#8221;{}&#8221; custom_padding__hover=&#8221;|||&#8221;][\/et_pb_column][\/et_pb_row][\/et_pb_section]<\/p>\n","protected":false},"excerpt":{"rendered":"<p>Nous croyons que les insatisfactions v\u00e9cues doivent \u00eatre nomm\u00e9es. Porter\u00a0plainte est une d\u00e9marche constructive, un\u00a0moyen d&#8217;exercer ses droits et d\u2019am\u00e9liorer la qualit\u00e9 des soins et des services du r\u00e9seau de la sant\u00e9 et des services sociaux. Mission Nous assistons et accompagnons toute personne dans une d\u00e9marche en vue de porter plainte aupr\u00e8s des \u00e9tablissements et [&hellip;]<\/p>\n","protected":false},"author":2,"featured_media":0,"parent":0,"menu_order":5,"comment_status":"closed","ping_status":"closed","template":"","meta":{"_et_pb_use_builder":"on","_et_pb_old_content":"","_et_gb_content_width":"","footnotes":""},"class_list":["post-6","page","type-page","status-publish","hentry"],"_links":{"self":[{"href":"https:\/\/caapca.ca\/en\/wp-json\/wp\/v2\/pages\/6","targetHints":{"allow":["GET"]}}],"collection":[{"href":"https:\/\/caapca.ca\/en\/wp-json\/wp\/v2\/pages"}],"about":[{"href":"https:\/\/caapca.ca\/en\/wp-json\/wp\/v2\/types\/page"}],"author":[{"embeddable":true,"href":"https:\/\/caapca.ca\/en\/wp-json\/wp\/v2\/users\/2"}],"replies":[{"embeddable":true,"href":"https:\/\/caapca.ca\/en\/wp-json\/wp\/v2\/comments?post=6"}],"version-history":[{"count":45,"href":"https:\/\/caapca.ca\/en\/wp-json\/wp\/v2\/pages\/6\/revisions"}],"predecessor-version":[{"id":3931,"href":"https:\/\/caapca.ca\/en\/wp-json\/wp\/v2\/pages\/6\/revisions\/3931"}],"wp:attachment":[{"href":"https:\/\/caapca.ca\/en\/wp-json\/wp\/v2\/media?parent=6"}],"curies":[{"name":"wp","href":"https:\/\/api.w.org\/{rel}","templated":true}]}}