{"id":23,"date":"2017-09-18T19:37:57","date_gmt":"2017-09-18T23:37:57","guid":{"rendered":"https:\/\/caapca.ca\/?page_id=23"},"modified":"2022-08-31T09:52:04","modified_gmt":"2022-08-31T13:52:04","slug":"liens-utiles","status":"publish","type":"page","link":"https:\/\/caapca.ca\/en\/liens-utiles\/","title":{"rendered":"Liens utiles"},"content":{"rendered":"<p>[et_pb_section fb_built=&#8221;1&#8243; _builder_version=&#8221;4.16&#8243; global_colors_info=&#8221;{}&#8221;][et_pb_row column_structure=&#8221;1_2,1_2&#8243; _builder_version=&#8221;4.16&#8243; background_size=&#8221;initial&#8221; background_position=&#8221;top_left&#8221; background_repeat=&#8221;repeat&#8221; global_colors_info=&#8221;{}&#8221;][et_pb_column type=&#8221;1_2&#8243; _builder_version=&#8221;4.16&#8243; custom_padding=&#8221;|||&#8221; global_colors_info=&#8221;{}&#8221; custom_padding__hover=&#8221;|||&#8221;][et_pb_text _builder_version=&#8221;4.16&#8243; border_style=&#8221;solid&#8221; global_colors_info=&#8221;{}&#8221;]<\/p>\n<h2><span style=\"color: #c61e21;\">Les CAAP du Qu\u00e9bec<\/span><\/h2>\n<p>&nbsp;<\/p>\n<blockquote>\n<h3><span style=\"color: #c61e21;\">Un seul num\u00e9ro sans frais 1 877 767-2227<\/span><span style=\"font-size: 16px; color: #333333; font-weight: 500;\">\u00a0<\/span><\/h3>\n<\/blockquote>\n<p><span style=\"color: #c61e21;\"><strong><a href=\"http:\/\/www.caapat.com\/\" target=\"_blank\" rel=\"noopener noreferrer\" style=\"color: #c61e21;\">CAAP \u2013 Abitibi-T\u00e9miscamingue<\/a><\/strong><\/span><span style=\"font-size: 16px;\">\u00a0<\/span><\/p>\n<p><span style=\"color: #c61e21;\"><strong><a href=\"http:\/\/www.caapbsl.org\/\" target=\"_blank\" rel=\"noopener noreferrer\" style=\"color: #c61e21;\">CAAP \u2013 Bas-Saint-Laurent<\/a><\/strong><\/span><span style=\"font-size: 16px;\">\u00a0<\/span><\/p>\n<p><span style=\"color: #c61e21;\"><strong><a href=\"http:\/\/www.caap-capitalenationale.org\/\" target=\"_blank\" rel=\"noopener noreferrer\" style=\"color: #c61e21;\">CAAP \u2013 Capitale <\/a><a href=\"http:\/\/www.caapgim.com\/\" target=\"_blank\" rel=\"noopener noreferrer\" style=\"color: #c61e21;\">\u2013 N<\/a><a href=\"http:\/\/www.caapca.ca\/\" target=\"_blank\" rel=\"noopener noreferrer\" style=\"color: #c61e21;\">ationale<\/a><\/strong><\/span><span style=\"font-size: 16px;\">\u00a0<\/span><\/p>\n<p><span style=\"color: #c61e21;\"><strong><a href=\"https:\/\/caapca.ca\/\" target=\"_blank\" rel=\"noopener noreferrer\" style=\"color: #c61e21;\">CAAP \u2013 Chaudi\u00e8re-Appalaches<\/a><\/strong><\/span><span style=\"font-size: 16px;\">\u00a0<\/span><\/p>\n<p><span style=\"color: #c61e21;\"><strong><a href=\"http:\/\/www.caap-cn.org\/\" target=\"_blank\" rel=\"noopener noreferrer\" style=\"color: #c61e21;\">CAAP \u2013 C\u00f4te-Nord<\/a><\/strong><\/span><span style=\"font-size: 16px;\">\u00a0<\/span><\/p>\n<p><span style=\"color: #c61e21;\"><strong><a href=\"http:\/\/www.caapestrie.org\/\" target=\"_blank\" rel=\"noopener noreferrer\" style=\"color: #c61e21;\">CAAP \u2013 Estrie<\/a><\/strong><\/span><\/p>\n<p><span style=\"color: #c61e21;\"><strong><a href=\"http:\/\/www.caapgim.com\/\" target=\"_blank\" rel=\"noopener noreferrer\" style=\"color: #c61e21;\">CAAP \u2013 Gasp\u00e9sie \u2013 \u00celes-de-la-Madeleine<\/a><\/strong><\/span><span style=\"font-size: 16px;\">\u00a0<\/span><\/p>\n<p><span style=\"color: #c61e21;\"><strong><a href=\"http:\/\/www.caapidm.ca\/\" target=\"_blank\" rel=\"noopener noreferrer\" style=\"color: #c61e21;\">CAAP \u2013 \u00cele de Montr\u00e9al<\/a><\/strong><\/span><span style=\"font-size: 16px;\">\u00a0<\/span><\/p>\n<p><span style=\"color: #c61e21;\"><strong><a href=\"http:\/\/www.caaplanaudiere.com\/\" target=\"_blank\" rel=\"noopener noreferrer\" style=\"color: #c61e21;\">CAAP \u2013 Lanaudi\u00e8re\u00a0<\/a><\/strong><\/span><\/p>\n<p><span style=\"color: #c61e21;\"><strong><a href=\"http:\/\/www.caaplaurentides.org\/\" target=\"_blank\" rel=\"noopener noreferrer\" style=\"color: #c61e21;\">CAAP \u2013 Laurentides<\/a><\/strong><\/span><span style=\"font-size: 16px;\">\u00a0<\/span><\/p>\n<p><span style=\"color: #c61e21;\"><strong><a href=\"http:\/\/www.caaplaval.com\/\" target=\"_blank\" rel=\"noopener noreferrer\" style=\"color: #c61e21;\">CAAP \u2013 Laval<\/a><\/strong><\/span><span style=\"font-size: 16px;\">\u00a0<\/span><\/p>\n<p><span style=\"color: #c61e21;\"><strong><a href=\"http:\/\/www.caap-mcq.qc.ca\/\" target=\"_blank\" rel=\"noopener noreferrer\" style=\"color: #c61e21;\">CAAP \u2013 Mauricie\/Centre-du-Qu\u00e9bec<\/a><\/strong><\/span><span style=\"font-size: 16px;\">\u00a0<\/span><\/p>\n<p><span style=\"color: #c61e21;\"><strong><a href=\"http:\/\/caapmonteregie.ca\/\" target=\"_blank\" rel=\"noopener noreferrer\" style=\"color: #c61e21;\">CAAP \u2013 Mont\u00e9r\u00e9gie<\/a><\/strong><\/span><\/p>\n<p><span style=\"color: #c61e21;\"><strong><a href=\"http:\/\/www.caapjamesie.com\/\" target=\"_blank\" rel=\"noopener noreferrer\" style=\"color: #c61e21;\">CAAP \u2013 Nord-du-Qu\u00e9bec (Jam\u00e9sie)<\/a><\/strong><\/span><span style=\"font-size: 16px;\">\u00a0<\/span><\/p>\n<p><span style=\"color: #c61e21;\"><strong><a href=\"http:\/\/www.caap-outaouais.ca\/\" target=\"_blank\" rel=\"noopener noreferrer\" style=\"color: #c61e21;\">CAAP \u2013 Outaouais<\/a><\/strong><\/span><\/p>\n<p><span style=\"color: #c61e21;\"><strong><a href=\"http:\/\/www.plaintesante.ca\/\" target=\"_blank\" rel=\"noopener noreferrer\" style=\"color: #c61e21;\">CAAP \u2013 Saguenay Lac-Saint-Jean<\/a><\/strong><\/span><span style=\"font-size: 16px;\">\u00a0<\/span><\/p>\n<p><span><strong><a href=\"http:\/\/www.fcaap.ca\/\" target=\"_blank\" rel=\"noopener noreferrer\"><span style=\"color: #c61e21;\">F\u00e9d\u00e9ration des CAAP (FCAAP)<\/span><\/a><\/strong><\/span><\/p>\n<p>&nbsp;<\/p>\n<h3>Quelques organismes communautaires<\/h3>\n<blockquote>\n<h3>Pour un r\u00e9pertoire complet, consultez le <a href=\"http:\/\/www.211quebecregions.ca\" target=\"_blank\" rel=\"noopener noreferrer\">211<\/a><span style=\"font-size: 16px; color: #333333; font-weight: 500;\">\u00a0<\/span><\/h3>\n<\/blockquote>\n<p><a href=\"http:\/\/cabquebec.org\" target=\"_blank\" rel=\"noopener noreferrer\"><\/a>\u00c0 venir<\/p>\n<p>&nbsp;<\/p>\n<p>&nbsp;<\/p>\n<p>[\/et_pb_text][\/et_pb_column][et_pb_column type=&#8221;1_2&#8243; _builder_version=&#8221;4.16&#8243; custom_padding=&#8221;|||&#8221; global_colors_info=&#8221;{}&#8221; custom_padding__hover=&#8221;|||&#8221;][et_pb_text _builder_version=&#8221;4.16&#8243; global_colors_info=&#8221;{}&#8221;]<\/p>\n<h2>Autres ressources<\/h2>\n<p><span style=\"color: #40669a; font-size: 18px; font-weight: bold;\">Sant\u00e9 \u2013 gouvernement<\/span><span style=\"font-size: 16px;\">\u00a0<\/span>\u00a0<\/p>\n<p><a href=\"http:\/\/www.msss.gouv.qc.ca\" target=\"_blank\" rel=\"noopener noreferrer\" style=\"font-size: 16px;\">Minist\u00e8re de la Sant\u00e9 et des Services sociaux<\/a><\/p>\n<p><a href=\"https:\/\/www.cisssca.com\/accueil\" target=\"_blank\" rel=\"noopener noreferrer\" style=\"font-size: 16px;\">Centre int\u00e9gr\u00e9 de sant\u00e9 et de services sociaux de Chaudi\u00e8re-Appalaches (CISSSCA)<br \/><\/a>Comprend les CLSC, les CHSLD, les h\u00f4pitaux, les centres jeunesse et les centres de r\u00e9adaptation<\/p>\n<p><a href=\"https:\/\/www.chudequebec.ca\/accueil.aspx\" target=\"_blank\" rel=\"noopener noreferrer\" style=\"font-size: 16px;\">Centre hospitalier universitaire de Qu\u00e9bec (CHU de Qu\u00e9bec)<br \/><\/a><span><\/span><a href=\"http:\/\/iucpq.qc.ca\"><\/a>Comprend le CHUL, L&#8217;H\u00f4pital de l&#8217;Enfant-J\u00e9sus, l&#8217;H\u00f4pital du Saint-Sacrement, l&#8217;H\u00f4pital Saint-Fran\u00e7ois d&#8217;Assise et l&#8217;H\u00f4tel Dieu de Qu\u00e9bec<\/p>\n<p><a href=\"http:\/\/iucpq.qc.ca\" target=\"_blank\" rel=\"noopener noreferrer\" style=\"font-size: 16px;\">Institut universitaire de cardiologie et de pneumologie de Qu\u00e9bec (IUCPQ)\u00a0<\/a>Autrefois H\u00f4pital Laval<\/p>\n<p>&nbsp;<\/p>\n<p><span style=\"color: #40669a; font-size: 18px; font-weight: bold;\"><\/span><\/p>\n<p><span style=\"color: #40669a; font-size: 18px; font-weight: bold;\">Sant\u00e9 \u2013 professionnels<\/span><\/p>\n<p><a href=\"https:\/\/www.acmdp.qc.ca\" target=\"_blank\" rel=\"noopener noreferrer\" style=\"font-size: 16px;\">Association des conseils de m\u00e9decins, dentistes et pharmaciens<\/a><\/p>\n<p><a href=\"http:\/\/www.cmq.org\" target=\"_blank\" rel=\"noopener noreferrer\" style=\"font-size: 16px;\">Coll\u00e8ge des m\u00e9decins du Qu\u00e9bec<\/a><\/p>\n<p><a href=\"https:\/\/www.oiiq.org\" target=\"_blank\" rel=\"noopener noreferrer\" style=\"font-size: 16px;\">Ordre des infirmiers et infirmi\u00e8res du Qu\u00e9bec<\/a><\/p>\n<p><a href=\"https:\/\/www.ordrepsy.qc.ca\" target=\"_blank\" rel=\"noopener noreferrer\" style=\"font-size: 16px;\">Ordre des psychologues du Qu\u00e9bec<\/a><\/p>\n<p><a href=\"https:\/\/otstcfq.org\" target=\"_blank\" rel=\"noopener noreferrer\" style=\"font-size: 16px;\">Ordre des travailleurs sociaux du Qu\u00e9bec<\/a><\/p>\n<p><span style=\"color: #40669a; font-size: 18px; font-weight: bold;\"><\/span><\/p>\n<p><span style=\"color: #40669a; font-size: 18px; font-weight: bold;\">Droits<\/span><\/p>\n<p><a href=\"http:\/\/www.csj.qc.ca\/commission-des-services-juridiques\/\" target=\"_blank\" rel=\"noopener noreferrer\" style=\"font-size: 16px;\">Aide juridique \u2013 Commission des services juridiques<\/a><\/p>\n<p><span style=\"font-size: 16px;\"><\/span><a href=\"http:\/\/www.cdpdj.qc.ca\/fr\/Pages\/default.aspx\" target=\"_blank\" rel=\"noopener noreferrer\" style=\"font-size: 16px;\">Commission des droits de la personne et des droits de la jeunesse<\/a><\/p>\n<p><span style=\"font-size: 16px;\"><\/span><a href=\"http:\/\/www.cai.gouv.qc.ca\" target=\"_blank\" rel=\"noopener noreferrer\" style=\"font-size: 16px;\">Commission d\u2019acc\u00e8s \u00e0 l\u2019information du Qu\u00e9bec<\/a><\/p>\n<p><a href=\"https:\/\/protecteurducitoyen.qc.ca\" target=\"_blank\" rel=\"noopener noreferrer\" style=\"font-size: 16px;\">Le Protecteur du citoyen<\/a><\/p>\n<p><span style=\"color: #40669a; font-size: 18px; font-weight: bold;\"><\/span><\/p>\n<p><span style=\"color: #40669a; font-size: 18px; font-weight: bold;\">Inaptitude<\/span><\/p>\n<p><span style=\"font-size: 16px;\"><\/span><a href=\"http:\/\/www.curateur.gouv.qc.ca\/cura\/fr\/index.html\" target=\"_blank\" rel=\"noopener noreferrer\" style=\"font-size: 16px;\">Le Curateur public du Qu\u00e9bec<\/a><\/p>\n<p><span style=\"color: #40669a; font-size: 18px; font-weight: bold;\"><\/span><\/p>\n<p><span style=\"color: #40669a; font-size: 18px; font-weight: bold;\">Informations aux citoyens<\/span><\/p>\n<p><span style=\"font-size: 16px;\"><\/span><a href=\"https:\/\/www.quebec.ca\/sante\/\" target=\"_blank\" rel=\"noopener noreferrer\" style=\"font-size: 16px;\">Services Qu\u00e9bec<\/a><\/p>\n<p>[\/et_pb_text][\/et_pb_column][\/et_pb_row][\/et_pb_section]<\/p>\n","protected":false},"excerpt":{"rendered":"<p>Les CAAP du Qu\u00e9bec &nbsp; Un seul num\u00e9ro sans frais 1 877 767-2227\u00a0 CAAP \u2013 Abitibi-T\u00e9miscamingue\u00a0 CAAP \u2013 Bas-Saint-Laurent\u00a0 CAAP \u2013 Capitale \u2013 Nationale\u00a0 CAAP \u2013 Chaudi\u00e8re-Appalaches\u00a0 CAAP \u2013 C\u00f4te-Nord\u00a0 CAAP \u2013 Estrie CAAP \u2013 Gasp\u00e9sie \u2013 \u00celes-de-la-Madeleine\u00a0 CAAP \u2013 \u00cele de Montr\u00e9al\u00a0 CAAP \u2013 Lanaudi\u00e8re\u00a0 CAAP \u2013 Laurentides\u00a0 CAAP \u2013 Laval\u00a0 CAAP \u2013 Mauricie\/Centre-du-Qu\u00e9bec\u00a0 [&hellip;]<\/p>\n","protected":false},"author":2,"featured_media":0,"parent":0,"menu_order":7,"comment_status":"closed","ping_status":"closed","template":"","meta":{"_et_pb_use_builder":"on","_et_pb_old_content":"","_et_gb_content_width":"","footnotes":""},"class_list":["post-23","page","type-page","status-publish","hentry"],"_links":{"self":[{"href":"https:\/\/caapca.ca\/en\/wp-json\/wp\/v2\/pages\/23","targetHints":{"allow":["GET"]}}],"collection":[{"href":"https:\/\/caapca.ca\/en\/wp-json\/wp\/v2\/pages"}],"about":[{"href":"https:\/\/caapca.ca\/en\/wp-json\/wp\/v2\/types\/page"}],"author":[{"embeddable":true,"href":"https:\/\/caapca.ca\/en\/wp-json\/wp\/v2\/users\/2"}],"replies":[{"embeddable":true,"href":"https:\/\/caapca.ca\/en\/wp-json\/wp\/v2\/comments?post=23"}],"version-history":[{"count":41,"href":"https:\/\/caapca.ca\/en\/wp-json\/wp\/v2\/pages\/23\/revisions"}],"predecessor-version":[{"id":1622,"href":"https:\/\/caapca.ca\/en\/wp-json\/wp\/v2\/pages\/23\/revisions\/1622"}],"wp:attachment":[{"href":"https:\/\/caapca.ca\/en\/wp-json\/wp\/v2\/media?parent=23"}],"curies":[{"name":"wp","href":"https:\/\/api.w.org\/{rel}","templated":true}]}}