{"id":16,"date":"2017-09-18T19:34:59","date_gmt":"2017-09-18T23:34:59","guid":{"rendered":"https:\/\/caapca.ca\/?page_id=16"},"modified":"2024-03-18T13:04:47","modified_gmt":"2024-03-18T17:04:47","slug":"seances-dinformations","status":"publish","type":"page","link":"https:\/\/caapca.ca\/en\/seances-dinformations\/","title":{"rendered":"S\u00e9ances d&#8217;informations"},"content":{"rendered":"<p>[et_pb_section fb_built=&#8221;1&#8243; _builder_version=&#8221;4.16&#8243; global_colors_info=&#8221;{}&#8221;][et_pb_row column_structure=&#8221;2_3,1_3&#8243; _builder_version=&#8221;4.16&#8243; global_colors_info=&#8221;{}&#8221;][et_pb_column type=&#8221;2_3&#8243; _builder_version=&#8221;4.16&#8243; custom_padding=&#8221;|||&#8221; global_colors_info=&#8221;{}&#8221; custom_padding__hover=&#8221;|||&#8221;][et_pb_text _builder_version=&#8221;4.16&#8243; text_font=&#8221;||||||||&#8221; global_colors_info=&#8221;{}&#8221;]<\/p>\n<h2>S\u00e9ances d\u2019informations pour groupes<\/h2>\n<p>Profitez d\u2019une s\u00e9ance d\u2019informations par l\u2019un(e) de nos conseillers(\u00e8res) et b\u00e9n\u00e9ficiez de renseignements adapt\u00e9s aux besoins de votre groupe. C&#8217;est gratuit!<\/p>\n<ul>\n<li><a href=\"https:\/\/caapca.ca\/vos-droits\/\">Les droits<\/a>, les responsabilit\u00e9s et les recours des usagers<\/li>\n<li>Les modalit\u00e9s entourant le processus d\u2019une plainte dans le cadre du <a href=\"https:\/\/caapca.ca\/2017\/10\/05\/le-regime-dexamen-des-plaintes\/\">R\u00e9gime d&#8217;examen des plaintes<\/a><\/li>\n<\/ul>\n<p>Contactez-nous pour planifier votre s\u00e9ance d&#8217;informations.<strong><\/strong><\/p>\n<p>[\/et_pb_text][\/et_pb_column][et_pb_column type=&#8221;1_3&#8243; _builder_version=&#8221;4.16&#8243; custom_padding=&#8221;|||&#8221; global_colors_info=&#8221;{}&#8221; custom_padding__hover=&#8221;|||&#8221;][\/et_pb_column][\/et_pb_row][et_pb_row _builder_version=&#8221;4.16&#8243; background_size=&#8221;initial&#8221; background_position=&#8221;top_left&#8221; background_repeat=&#8221;repeat&#8221; global_colors_info=&#8221;{}&#8221;][et_pb_column type=&#8221;4_4&#8243; _builder_version=&#8221;4.16&#8243; custom_padding=&#8221;|||&#8221; global_colors_info=&#8221;{}&#8221; custom_padding__hover=&#8221;|||&#8221;][\/et_pb_column][\/et_pb_row][\/et_pb_section]<\/p>\n","protected":false},"excerpt":{"rendered":"<p>S\u00e9ances d\u2019informations pour groupes Profitez d\u2019une s\u00e9ance d\u2019informations par l\u2019un(e) de nos conseillers(\u00e8res) et b\u00e9n\u00e9ficiez de renseignements adapt\u00e9s aux besoins de votre groupe. C&#8217;est gratuit! Les droits, les responsabilit\u00e9s et les recours des usagers Les modalit\u00e9s entourant le processus d\u2019une plainte dans le cadre du R\u00e9gime d&#8217;examen des plaintes Contactez-nous pour planifier votre s\u00e9ance d&#8217;informations.<\/p>\n","protected":false},"author":2,"featured_media":0,"parent":0,"menu_order":3,"comment_status":"closed","ping_status":"closed","template":"","meta":{"_et_pb_use_builder":"on","_et_pb_old_content":"<h2>S\u00e9ances d\u2019information pour groupes<\/h2><p>Profitez d\u2019une s\u00e9ance d\u2019informations par l\u2019un(e) de nos conseillers(\u00e8res) et b\u00e9n\u00e9ficiez d\u2019une information adapt\u00e9e aux besoins de votre groupe.<\/p><ul><li>Les droits et recours des usagers<\/li><li>Les modalit\u00e9s entourant le processus d\u2019une plainte\u00a0et son traitement<\/li><li>Les baux et protection en mati\u00e8re de logement pour les personnes a\u00een\u00e9es<\/li><li>La maltraitance et la loi 115<\/li><\/ul><p>Contactez-nous pour planifier votre s\u00e9ance d'information<\/p><p>Les champs marqu\u00e9s d\u2019un ast\u00e9risque (*) sont obligatoires. Soyez assurez que toutes vos informations demeureront confidentielles.<\/p>","_et_gb_content_width":"","footnotes":""},"class_list":["post-16","page","type-page","status-publish","hentry"],"_links":{"self":[{"href":"https:\/\/caapca.ca\/en\/wp-json\/wp\/v2\/pages\/16","targetHints":{"allow":["GET"]}}],"collection":[{"href":"https:\/\/caapca.ca\/en\/wp-json\/wp\/v2\/pages"}],"about":[{"href":"https:\/\/caapca.ca\/en\/wp-json\/wp\/v2\/types\/page"}],"author":[{"embeddable":true,"href":"https:\/\/caapca.ca\/en\/wp-json\/wp\/v2\/users\/2"}],"replies":[{"embeddable":true,"href":"https:\/\/caapca.ca\/en\/wp-json\/wp\/v2\/comments?post=16"}],"version-history":[{"count":35,"href":"https:\/\/caapca.ca\/en\/wp-json\/wp\/v2\/pages\/16\/revisions"}],"predecessor-version":[{"id":4043,"href":"https:\/\/caapca.ca\/en\/wp-json\/wp\/v2\/pages\/16\/revisions\/4043"}],"wp:attachment":[{"href":"https:\/\/caapca.ca\/en\/wp-json\/wp\/v2\/media?parent=16"}],"curies":[{"name":"wp","href":"https:\/\/api.w.org\/{rel}","templated":true}]}}