{"id":14,"date":"2017-09-18T19:37:24","date_gmt":"2017-09-18T23:37:24","guid":{"rendered":"https:\/\/caapca.ca\/?page_id=14"},"modified":"2024-03-18T13:03:22","modified_gmt":"2024-03-18T17:03:22","slug":"formuler-une-plainte","status":"publish","type":"page","link":"https:\/\/caapca.ca\/en\/formuler-une-plainte\/","title":{"rendered":"Formuler une plainte"},"content":{"rendered":"<p>[et_pb_section fb_built=&#8221;1&#8243; _builder_version=&#8221;4.16&#8243; global_colors_info=&#8221;{}&#8221;][et_pb_row column_structure=&#8221;2_3,1_3&#8243; _builder_version=&#8221;4.16&#8243; background_size=&#8221;initial&#8221; background_position=&#8221;top_left&#8221; background_repeat=&#8221;repeat&#8221; global_colors_info=&#8221;{}&#8221;][et_pb_column type=&#8221;2_3&#8243; _builder_version=&#8221;4.16&#8243; custom_padding=&#8221;|||&#8221; global_colors_info=&#8221;{}&#8221; custom_padding__hover=&#8221;|||&#8221;][et_pb_text _builder_version=&#8221;4.16&#8243; border_style=&#8221;solid&#8221; global_colors_info=&#8221;{}&#8221;]<\/p>\n<h2>Demander de l&#8217;aide pour formuler une plainte en sant\u00e9 et services sociaux<\/h2>\n<blockquote>\n<p><strong>Vous pouvez aussi nous appeler au <span>418 387-8414<\/span>\u00a0ou sans frais au <span>1 888 841-8414<\/span>.<\/strong><\/p>\n<\/blockquote>\n<p>Vous souhaitez portez plainte \u00e0 la suite d&#8217;un \u00e9v\u00e9nement insatisfaisant dans le r\u00e9seau de la sant\u00e9 et des services sociaux? Vous avez besoin d&#8217;aide pour cette d\u00e9marche?\u00a0<\/p>\n<p>Pour en savoir plus sur le service d\u2019assistance et d\u2019accompagnement aux plaintes avec le CAAP, tel que la r\u00e9daction de votre lettre de plainte, consultez la page <a href=\"..\/assistance-accompagnement\/\">Assistance et accompagnement<\/a>.<strong><\/strong><\/p>\n<p>[\/et_pb_text][\/et_pb_column][et_pb_column type=&#8221;1_3&#8243; _builder_version=&#8221;4.16&#8243; custom_padding=&#8221;|||&#8221; global_colors_info=&#8221;{}&#8221; custom_padding__hover=&#8221;|||&#8221;][\/et_pb_column][\/et_pb_row][et_pb_row _builder_version=&#8221;4.16&#8243; global_colors_info=&#8221;{}&#8221;][et_pb_column type=&#8221;4_4&#8243; _builder_version=&#8221;4.16&#8243; custom_padding=&#8221;|||&#8221; global_colors_info=&#8221;{}&#8221; custom_padding__hover=&#8221;|||&#8221;][\/et_pb_column][\/et_pb_row][\/et_pb_section]<\/p>\n","protected":false},"excerpt":{"rendered":"<p>Demander de l&#8217;aide pour formuler une plainte en sant\u00e9 et services sociaux Vous pouvez aussi nous appeler au 418 387-8414\u00a0ou sans frais au 1 888 841-8414. Vous souhaitez portez plainte \u00e0 la suite d&#8217;un \u00e9v\u00e9nement insatisfaisant dans le r\u00e9seau de la sant\u00e9 et des services sociaux? Vous avez besoin d&#8217;aide pour cette d\u00e9marche?\u00a0 Pour en [&hellip;]<\/p>\n","protected":false},"author":2,"featured_media":0,"parent":0,"menu_order":4,"comment_status":"closed","ping_status":"closed","template":"","meta":{"_et_pb_use_builder":"on","_et_pb_old_content":"","_et_gb_content_width":"","footnotes":""},"class_list":["post-14","page","type-page","status-publish","hentry"],"_links":{"self":[{"href":"https:\/\/caapca.ca\/en\/wp-json\/wp\/v2\/pages\/14","targetHints":{"allow":["GET"]}}],"collection":[{"href":"https:\/\/caapca.ca\/en\/wp-json\/wp\/v2\/pages"}],"about":[{"href":"https:\/\/caapca.ca\/en\/wp-json\/wp\/v2\/types\/page"}],"author":[{"embeddable":true,"href":"https:\/\/caapca.ca\/en\/wp-json\/wp\/v2\/users\/2"}],"replies":[{"embeddable":true,"href":"https:\/\/caapca.ca\/en\/wp-json\/wp\/v2\/comments?post=14"}],"version-history":[{"count":31,"href":"https:\/\/caapca.ca\/en\/wp-json\/wp\/v2\/pages\/14\/revisions"}],"predecessor-version":[{"id":4041,"href":"https:\/\/caapca.ca\/en\/wp-json\/wp\/v2\/pages\/14\/revisions\/4041"}],"wp:attachment":[{"href":"https:\/\/caapca.ca\/en\/wp-json\/wp\/v2\/media?parent=14"}],"curies":[{"name":"wp","href":"https:\/\/api.w.org\/{rel}","templated":true}]}}