{"id":1163,"date":"2018-10-13T17:03:53","date_gmt":"2018-10-13T21:03:53","guid":{"rendered":"https:\/\/caapca.ca\/?page_id=1163"},"modified":"2022-05-19T16:36:58","modified_gmt":"2022-05-19T20:36:58","slug":"etablissements","status":"publish","type":"page","link":"https:\/\/caapca.ca\/en\/etablissements\/","title":{"rendered":"Les \u00e9tablissements du r\u00e9seau"},"content":{"rendered":"<p>[et_pb_section fb_built=&#8221;1&#8243; _builder_version=&#8221;3.9&#8243;][et_pb_row admin_label=&#8221;row&#8221; _builder_version=&#8221;3.0.47&#8243; background_size=&#8221;initial&#8221; background_position=&#8221;top_left&#8221; background_repeat=&#8221;repeat&#8221;][et_pb_column type=&#8221;2_3&#8243; _builder_version=&#8221;3.0.47&#8243;][et_pb_text admin_label=&#8221;Text&#8221; _builder_version=&#8221;3.0.74&#8243; background_size=&#8221;initial&#8221; background_position=&#8221;top_left&#8221; background_repeat=&#8221;repeat&#8221;]<\/p>\n<h1><span style=\"font-size: xx-large;\">Les \u00e9tablissements du r\u00e9seau<\/span><\/h1>\n<p><span style=\"font-size: 16px;\">Les \u00e9tablissements publics sont des entit\u00e9s qui regroupent plusieurs installations offrant des soins de sant\u00e9 ou des services sociaux. Par exemple, un \u00e9tablissement peut regrouper plusieurs h\u00f4pitaux. Cependant, ce n\u2019est pas toujours facile de savoir \u00e0 quel \u00e9tablissement appartiennent certaines installations. Par cons\u00e9quent, au moment de porter plainte, il est possible qu\u2019on ne sache pas \u00e0 qui s\u2019adresser imm\u00e9diatement.<\/span><\/p>\n<blockquote>\n<p><strong>C\u2019est au commissariat de quel \u00e9tablissement qu\u2019on doit s\u2019adresser si on est insatisfait d\u2019une course en ambulance? \u00c0 qui rapporte-t-on la mauvaise qualit\u00e9 de la nourriture d\u2019une r\u00e9sidence pour a\u00een\u00e9s? <\/strong><\/p>\n<\/blockquote>\n<h2>Les types d&#8217;\u00e9tablissements<\/h2>\n<h3>Les centres int\u00e9gr\u00e9s de sant\u00e9 et de services sociaux (CISSS) et les centres int\u00e9gr\u00e9s universitaires de sant\u00e9 et de services sociaux (CIUSSS)<\/h3>\n<p>Ces \u00e9tablissements sont issus de la fusion d&#8217;une partie ou de tous les \u00e9tablissements publics d&#8217;une m\u00eame r\u00e9gion et de l&#8217;agence de la sant\u00e9 et des services sociaux. La diff\u00e9rence entre les CISSS et les CIUSSS rel\u00e8ve de leur conseil d&#8217;administration: les CIUSSS doivent d\u00e9tenir deux membres de leur conseil nomm\u00e9s \u00e0 partir d&#8217;une liste fournie par l&#8217;universit\u00e9 de la r\u00e9gion.<\/p>\n<h3>Les autres \u00e9tablissements<\/h3>\n<p>Certains \u00e9tablissements n&#8217;ont pas \u00e9t\u00e9 fusionn\u00e9s ou regroup\u00e9s avec les centres int\u00e9gr\u00e9s tels que :<\/p>\n<ul>\n<li>Le Centre hospitalier de l&#8217;Universit\u00e9 de Montr\u00e9al<\/li>\n<li>Le Centre hospitalier universitaire Sainte-Justine<\/li>\n<li>Le Centre universitaire de sant\u00e9 McGill<\/li>\n<li>L&#8217;Institut de Cardiologie de Montr\u00e9al<\/li>\n<li>L&#8217;institut Philippe-Pinel de Montr\u00e9al<\/li>\n<li>Le CHU de Qu\u00e9bec<\/li>\n<li>L&#8217;Institut universitaire de cardiologie et de pneumologie de Qu\u00e9bec \u2013 Universit\u00e9 Laval<\/li>\n<\/ul>\n<h2>Les \u00e9tablissements regroupent des installations<\/h2>\n<p>Les installations sont les lieux physiques o\u00f9 sont dispens\u00e9s les soins de sant\u00e9 et les services sociaux \u00e0 la population. Ainsi, ces soins sont fournis par les \u00e9tablissements, dans les installations. Les installations sont, par exemple:<\/p>\n<ul>\n<li>Les centres hospitaliers<\/li>\n<li>Les centres locaux de services communautaire (CLSC)<\/li>\n<li>Les centres d&#8217;h\u00e9bergement et de soins de longues dur\u00e9es (CHSLD<\/li>\n<li>Les centres de protection de l&#8217;enfance et de la jeunesse (CPEJ)<\/li>\n<li>Les centres de r\u00e9adaptation (CR)<\/li>\n<li>Les ressources interm\u00e9diaires (RI)<\/li>\n<li>Les familles et r\u00e9sidences d&#8217;accueil<\/li>\n<li>etc.<\/li>\n<\/ul>\n<p>[\/et_pb_text][et_pb_text _builder_version=&#8221;3.19.4&#8243;]<\/p>\n<p>En cas de doute, vous pouvez toujours <a href=\"\/nous-joindre\/\">nous contacter<\/a>.<\/p>\n<p>[\/et_pb_text][\/et_pb_column][et_pb_column type=&#8221;1_3&#8243; _builder_version=&#8221;3.0.47&#8243;][\/et_pb_column][\/et_pb_row][\/et_pb_section]<\/p>\n","protected":false},"excerpt":{"rendered":"<p>Les \u00e9tablissements du r\u00e9seau Les \u00e9tablissements publics sont des entit\u00e9s qui regroupent plusieurs installations offrant des soins de sant\u00e9 ou des services sociaux. Par exemple, un \u00e9tablissement peut regrouper plusieurs h\u00f4pitaux. Cependant, ce n\u2019est pas toujours facile de savoir \u00e0 quel \u00e9tablissement appartiennent certaines installations. Par cons\u00e9quent, au moment de porter plainte, il est possible [&hellip;]<\/p>\n","protected":false},"author":2,"featured_media":0,"parent":0,"menu_order":0,"comment_status":"closed","ping_status":"closed","template":"","meta":{"_et_pb_use_builder":"on","_et_pb_old_content":"","_et_gb_content_width":"","footnotes":""},"class_list":["post-1163","page","type-page","status-publish","hentry"],"_links":{"self":[{"href":"https:\/\/caapca.ca\/en\/wp-json\/wp\/v2\/pages\/1163","targetHints":{"allow":["GET"]}}],"collection":[{"href":"https:\/\/caapca.ca\/en\/wp-json\/wp\/v2\/pages"}],"about":[{"href":"https:\/\/caapca.ca\/en\/wp-json\/wp\/v2\/types\/page"}],"author":[{"embeddable":true,"href":"https:\/\/caapca.ca\/en\/wp-json\/wp\/v2\/users\/2"}],"replies":[{"embeddable":true,"href":"https:\/\/caapca.ca\/en\/wp-json\/wp\/v2\/comments?post=1163"}],"version-history":[{"count":10,"href":"https:\/\/caapca.ca\/en\/wp-json\/wp\/v2\/pages\/1163\/revisions"}],"predecessor-version":[{"id":1539,"href":"https:\/\/caapca.ca\/en\/wp-json\/wp\/v2\/pages\/1163\/revisions\/1539"}],"wp:attachment":[{"href":"https:\/\/caapca.ca\/en\/wp-json\/wp\/v2\/media?parent=1163"}],"curies":[{"name":"wp","href":"https:\/\/api.w.org\/{rel}","templated":true}]}}