{"id":1148,"date":"2018-10-13T16:51:58","date_gmt":"2018-10-13T20:51:58","guid":{"rendered":"https:\/\/caapca.ca\/?page_id=1148"},"modified":"2022-05-19T16:36:58","modified_gmt":"2022-05-19T20:36:58","slug":"pourquoi-porter-plainte","status":"publish","type":"page","link":"https:\/\/caapca.ca\/en\/pourquoi-porter-plainte\/","title":{"rendered":"Pourquoi porter plainte?"},"content":{"rendered":"<p>[et_pb_section fb_built=&#8221;1&#8243; admin_label=&#8221;section&#8221; _builder_version=&#8221;3.0.47&#8243;][et_pb_row admin_label=&#8221;row&#8221; _builder_version=&#8221;3.0.48&#8243; background_size=&#8221;initial&#8221; background_position=&#8221;top_left&#8221; background_repeat=&#8221;repeat&#8221;][et_pb_column type=&#8221;2_3&#8243; _builder_version=&#8221;3.0.47&#8243; parallax=&#8221;off&#8221; parallax_method=&#8221;on&#8221;][et_pb_text admin_label=&#8221;Text&#8221; _builder_version=&#8221;3.0.74&#8243; background_size=&#8221;initial&#8221; background_position=&#8221;top_left&#8221; background_repeat=&#8221;repeat&#8221;]<\/p>\n<h1>Pourquoi porter plainte?<\/h1>\n<p>&nbsp;<\/p>\n<h2>\u00ab\u2009Mais \u00e0 quoi \u00e7a va servir, au juste?\u2009\u00bb<\/h2>\n<p>Au CAAP, nous entendons souvent cette question. Beaucoup de personnes se sentent impuissantes face \u00e0 notre vaste et complexe syst\u00e8me de sant\u00e9.<\/p>\n<p>Le <a href=\"https:\/\/caapca.ca\/2017\/10\/05\/le-regime-dexamen-des-plaintes\/\">R\u00e9gime d\u2019examen des plaintes<\/a> est un moyen rapide et gratuit qui permet de faire corriger des situations, d\u2019\u00e9viter que des erreurs se reproduisent, de comprendre ce qui est arriv\u00e9 ou parfois m\u00eame d\u2019obliger les ordres professionnels \u00e0 rappeler les bonnes pratiques \u00e0 leurs membres. Porter plainte, c\u2019est une action citoyenne qu\u2019il faut valoriser, car un droit existe vraiment quand on le fait reconna\u00eetre.<\/p>\n<blockquote><p><strong>Tout le monde en sort gagnant !<\/strong><\/p><\/blockquote>\n<p>Il faut comprendre que le r\u00e9gime n\u2019op\u00e8re pas dans une perspective \u00ab\u2009punitive\u2009\u00bb, mais \u00abcorrective\u00bb. Bien entendu, rien ne vous emp\u00eache de proc\u00e9der dans un autre moment \u00e0 un recours judiciaire, mais le CAAP n\u2019intervient pas dans de tels recours ; il vous faudra alors faire appel \u00e0 un avocat.<\/p>\n<p>Les professionnels et les pratiques dans le r\u00e9seau peuvent sembler intouchables\u2009; nous avons peur d\u2019\u00eatre jug\u00e9 ou de faire face \u00e0 des repr\u00e9sailles. Pourtant, les intervenants du\u00a0r\u00e9gime\u00a0sont au service des usagers et ont un devoir d\u2019impartialit\u00e9 de par la loi.<\/p>\n<p>Et surtout, vous pouvez <a href=\"https:\/\/caapca.ca\/formuler-une-plainte\/\">demander l\u2019aide du CAAP en tout temps<\/a> afin d\u2019\u00eatre assist\u00e9 dans votre d\u00e9marche.<\/p>\n<p>[\/et_pb_text][\/et_pb_column][et_pb_column type=&#8221;1_3&#8243; _builder_version=&#8221;3.0.47&#8243; parallax=&#8221;off&#8221; parallax_method=&#8221;on&#8221;][\/et_pb_column][\/et_pb_row][\/et_pb_section]<\/p>\n","protected":false},"excerpt":{"rendered":"<p>\u00ab Mais \u00e0 quoi \u00e7a va servir au juste? \u00bb<\/p>\n","protected":false},"author":2,"featured_media":859,"parent":0,"menu_order":0,"comment_status":"closed","ping_status":"closed","template":"","meta":{"_et_pb_use_builder":"on","_et_pb_old_content":"<h2>\u00ab\u2009Mais \u00e0 quoi \u00e7a va servir, au juste?\u2009\u00bb<\/h2>\r\nAu CAAP, nous entendons souvent cette question. Beaucoup de personnes se sentent impuissantes face \u00e0 notre vaste et complexe syst\u00e8me de sant\u00e9.\r\n\r\nLe <a href=\"https:\/\/caapca.ca\/2017\/10\/05\/le-regime-dexamen-des-plaintes\/\">R\u00e9gime d\u2019examen des plaintes<\/a> est un moyen rapide et gratuit qui permet de faire corriger des situations, d\u2019\u00e9viter que des erreurs se reproduisent, de comprendre ce qui est arriv\u00e9 ou parfois m\u00eame d\u2019obliger les ordres professionnels \u00e0 rappeler les bonnes pratiques \u00e0 leurs membres. Porter plainte, c\u2019est une action citoyenne qu\u2019il faut valoriser, car un droit existe vraiment quand on le fait reconna\u00eetre.\r\n<blockquote><strong>Tout le monde en sort gagnant !<\/strong><\/blockquote>\r\nIl faut comprendre que le r\u00e9gime n\u2019op\u00e8re pas dans une perspective \u00ab\u2009punitive\u2009\u00bb, mais \u00ab\u2009corrective\u2009\u00bb. Bien entendu, rien ne vous emp\u00eache de proc\u00e9der dans un autre moment \u00e0 un recours judiciaire, mais le CAAP n\u2019intervient pas dans de tels recours ; il vous faudra alors faire appel \u00e0 un avocat.\r\n\r\nLes professionnels et les pratiques dans le r\u00e9seau peuvent sembler intouchables\u2009; nous avons peur d\u2019\u00eatre jug\u00e9 ou de faire face \u00e0 des repr\u00e9sailles. Pourtant, les intervenants du\u00a0r\u00e9gime\u00a0sont au service des usagers et ont un devoir d\u2019impartialit\u00e9 de par la loi.\r\n\r\nEt surtout, vous pouvez demander l\u2019aide du CAAP en tout temps afin d\u2019\u00eatre assist\u00e9 dans votre d\u00e9marche.","_et_gb_content_width":"","footnotes":""},"class_list":["post-1148","page","type-page","status-publish","has-post-thumbnail","hentry"],"_links":{"self":[{"href":"https:\/\/caapca.ca\/en\/wp-json\/wp\/v2\/pages\/1148","targetHints":{"allow":["GET"]}}],"collection":[{"href":"https:\/\/caapca.ca\/en\/wp-json\/wp\/v2\/pages"}],"about":[{"href":"https:\/\/caapca.ca\/en\/wp-json\/wp\/v2\/types\/page"}],"author":[{"embeddable":true,"href":"https:\/\/caapca.ca\/en\/wp-json\/wp\/v2\/users\/2"}],"replies":[{"embeddable":true,"href":"https:\/\/caapca.ca\/en\/wp-json\/wp\/v2\/comments?post=1148"}],"version-history":[{"count":8,"href":"https:\/\/caapca.ca\/en\/wp-json\/wp\/v2\/pages\/1148\/revisions"}],"predecessor-version":[{"id":1159,"href":"https:\/\/caapca.ca\/en\/wp-json\/wp\/v2\/pages\/1148\/revisions\/1159"}],"wp:featuredmedia":[{"embeddable":true,"href":"https:\/\/caapca.ca\/en\/wp-json\/wp\/v2\/media\/859"}],"wp:attachment":[{"href":"https:\/\/caapca.ca\/en\/wp-json\/wp\/v2\/media?parent=1148"}],"curies":[{"name":"wp","href":"https:\/\/api.w.org\/{rel}","templated":true}]}}